{"id":68,"date":"2018-09-21T13:03:40","date_gmt":"2018-09-21T13:03:40","guid":{"rendered":"http:\/\/eskasa.de\/?page_id=68"},"modified":"2021-09-26T17:37:57","modified_gmt":"2021-09-26T15:37:57","slug":"impressum","status":"publish","type":"page","link":"https:\/\/eskasa.de\/?page_id=68","title":{"rendered":"Impressum"},"content":{"rendered":"<h1>Impressum<\/h1>\n<h2>Angaben gem\u00e4\u00df \u00a7 5 TMG<\/h2>\n<p>Gesch\u00e4ftsf\u00fchrerin: Anita E\u00dflinger<br \/>\nESKASA der freundliche Wolleladen<br \/>\nHafenmarktpassage<br \/>\nGustav-Binder-Str. 11<br \/>\nSteuer Nr.: 65081\/26537<br \/>\n74072 Heilbronn<\/p>\n<h2>Kontakt<\/h2>\n<p>Telefon: 07131\/ 6420350<br \/>\nE-Mail: info@eskasa.de\/ Website: www.eskasa.de Instagram:eskasa_heilbronn<\/p>\n<h2>Unsere \u00d6ffnungszeiten sind:<\/h2>\n<p>(k\u00f6nnen im Moment aber abweichend sein, da wir je nach Inzidenzen zwischen Click&amp;Meet und Click&amp;Collekt wechseln)<\/p>\n<p>Montag und Samstag:\u00a0 10:00 &#8211; 14:00 Uhr<br \/>\nDienstag &#8211; Freitag: \u00a0 \u00a0 \u00a0\u00a0 10:00 &#8211; 18:00 Uhr<\/p>\n<h2>Umsatzsteuer<\/h2>\n<p>Umsatzsteuer-Identifikationsnummer gem\u00e4\u00df \u00a727 a Umsatzsteuergesetz:<br \/>\nDE 258167098<\/p>\n<p>Wir sind nicht bereit oder verpflichtet, an Streitbeilegungsverfahren vor einer Verbraucherschlichtungsstelle teilzunehmen.<\/p>\n<h3>Haftung f\u00fcr Inhalte<\/h3>\n<p>Als Diensteanbieter sind wir gem\u00e4\u00df \u00a7 7 Abs.1 TMG f\u00fcr eigene Inhalte auf diesen Seiten nach den allgemeinen Gesetzen verantwortlich. Nach \u00a7\u00a7 8 bis 10 TMG sind wir als Diensteanbieter jedoch nicht verpflichtet, \u00fcbermittelte oder gespeicherte fremde Informationen zu \u00fcberwachen oder nach Umst\u00e4nden zu forschen, die auf eine rechtswidrige T\u00e4tigkeit hinweisen.<\/p>\n<p>Verpflichtungen zur Entfernung oder Sperrung der Nutzung von Informationen nach den allgemeinen Gesetzen bleiben hiervon unber\u00fchrt. Eine diesbez\u00fcgliche Haftung ist jedoch erst ab dem Zeitpunkt der Kenntnis einer konkreten Rechtsverletzung m\u00f6glich. Bei Bekanntwerden von entsprechenden Rechtsverletzungen werden wir diese Inhalte umgehend entfernen.<\/p>\n<h3>Haftung f\u00fcr Links<\/h3>\n<p>Unser Angebot enth\u00e4lt Links zu externen Websites Dritter, auf deren Inhalte wir keinen Einfluss haben. Deshalb k\u00f6nnen wir f\u00fcr diese fremden Inhalte auch keine Gew\u00e4hr \u00fcbernehmen. F\u00fcr die Inhalte der verlinkten Seiten ist stets der jeweilige Anbieter oder Betreiber der Seiten verantwortlich. Die verlinkten Seiten wurden zum Zeitpunkt der Verlinkung auf m\u00f6gliche Rechtsverst\u00f6\u00dfe \u00fcberpr\u00fcft. Rechtswidrige Inhalte waren zum Zeitpunkt der Verlinkung nicht erkennbar.<\/p>\n<p>Eine permanente inhaltliche Kontrolle der verlinkten Seiten ist jedoch ohne konkrete Anhaltspunkte einer Rechtsverletzung nicht zumutbar. Bei Bekanntwerden von Rechtsverletzungen werden wir derartige Links umgehend entfernen.<\/p>\n<h3>Urheberrecht<\/h3>\n<p>Die durch die Seitenbetreiber erstellten Inhalte und Werke auf diesen Seiten unterliegen dem deutschen Urheberrecht. Die Vervielf\u00e4ltigung, Bearbeitung, Verbreitung und jede Art der Verwertung au\u00dferhalb der Grenzen des Urheberrechtes bed\u00fcrfen der schriftlichen Zustimmung des jeweiligen Autors bzw. Erstellers. Downloads und Kopien dieser Seite sind nur f\u00fcr den privaten, nicht kommerziellen Gebrauch gestattet.<\/p>\n<p>Soweit die Inhalte auf dieser Seite nicht vom Betreiber erstellt wurden, werden die Urheberrechte Dritter beachtet. Insbesondere werden Inhalte Dritter als solche gekennzeichnet. Sollten Sie trotzdem auf eine Urheberrechtsverletzung aufmerksam werden, bitten wir um einen entsprechenden Hinweis. Bei Bekanntwerden von Rechtsverletzungen werden wir derartige Inhalte umgehend entfernen.<\/p>\n<p>Quelle: <a href=\"https:\/\/www.e-recht24.de\">e-recht24.de<\/a><\/p>\n","protected":false},"excerpt":{"rendered":"<p class=\"qua-blog-post-description\">Impressum Angaben gem\u00e4\u00df \u00a7 5 TMG Gesch\u00e4ftsf\u00fchrerin: Anita E\u00dflinger ESKASA der freundliche Wolleladen Hafenmarktpassage Gustav-Binder-Str. 11 Steuer Nr.: 65081\/26537 74072 Heilbronn Kontakt Telefon: 07131\/ 6420350 E-Mail: info@eskasa.de\/ Website: www.eskasa.de Instagram:eskasa_heilbronn Unsere \u00d6ffnungszeiten sind: (k\u00f6nnen im Moment aber abweichend sein, da wir je nach Inzidenzen zwischen Click&amp;Meet und Click&amp;Collekt wechseln) Montag und Samstag:\u00a0 10:00 &#8211; 14:00<\/p>\n<p class=\"qua-blog-post-description\"><a href=\"https:\/\/eskasa.de\/?page_id=68#more-68\" class=\"more-link\">Weiterlesen<\/a><\/p>\n","protected":false},"author":1,"featured_media":0,"parent":0,"menu_order":0,"comment_status":"closed","ping_status":"closed","template":"","meta":{"footnotes":""},"class_list":["post-68","page","type-page","status-publish","hentry"],"yoast_head":"<!-- This site is optimized with the Yoast SEO plugin v26.7 - https:\/\/yoast.com\/wordpress\/plugins\/seo\/ -->\n<title>Impressum - Eskasa<\/title>\n<meta name=\"description\" content=\"Eskasa - dein freundlicher Wolleladen in Heilbronn. Bei uns findest du alles rund um die Themen Wolle, Stricken und H\u00e4keln. Wir freuen uns auf dich!\" \/>\n<meta name=\"robots\" content=\"index, follow, max-snippet:-1, max-image-preview:large, max-video-preview:-1\" \/>\n<link rel=\"canonical\" href=\"https:\/\/eskasa.de\/?page_id=68\" \/>\n<meta property=\"og:locale\" content=\"de_DE\" \/>\n<meta property=\"og:type\" content=\"article\" \/>\n<meta property=\"og:title\" content=\"Impressum - Eskasa\" \/>\n<meta property=\"og:description\" content=\"Eskasa - dein freundlicher Wolleladen in Heilbronn. Bei uns findest du alles rund um die Themen Wolle, Stricken und H\u00e4keln. Wir freuen uns auf dich!\" \/>\n<meta property=\"og:url\" content=\"https:\/\/eskasa.de\/?page_id=68\" \/>\n<meta property=\"og:site_name\" content=\"Eskasa\" \/>\n<meta property=\"article:modified_time\" content=\"2021-09-26T15:37:57+00:00\" \/>\n<meta name=\"twitter:card\" content=\"summary_large_image\" \/>\n<meta name=\"twitter:label1\" content=\"Gesch\u00e4tzte Lesezeit\" \/>\n\t<meta name=\"twitter:data1\" content=\"2\u00a0Minuten\" \/>\n<script type=\"application\/ld+json\" class=\"yoast-schema-graph\">{\"@context\":\"https:\/\/schema.org\",\"@graph\":[{\"@type\":\"WebPage\",\"@id\":\"https:\/\/eskasa.de\/?page_id=68\",\"url\":\"https:\/\/eskasa.de\/?page_id=68\",\"name\":\"Impressum - Eskasa\",\"isPartOf\":{\"@id\":\"https:\/\/eskasa.de\/#website\"},\"datePublished\":\"2018-09-21T13:03:40+00:00\",\"dateModified\":\"2021-09-26T15:37:57+00:00\",\"description\":\"Eskasa - dein freundlicher Wolleladen in Heilbronn. Bei uns findest du alles rund um die Themen Wolle, Stricken und H\u00e4keln. Wir freuen uns auf dich!\",\"breadcrumb\":{\"@id\":\"https:\/\/eskasa.de\/?page_id=68#breadcrumb\"},\"inLanguage\":\"de\",\"potentialAction\":[{\"@type\":\"ReadAction\",\"target\":[\"https:\/\/eskasa.de\/?page_id=68\"]}]},{\"@type\":\"BreadcrumbList\",\"@id\":\"https:\/\/eskasa.de\/?page_id=68#breadcrumb\",\"itemListElement\":[{\"@type\":\"ListItem\",\"position\":1,\"name\":\"Startseite\",\"item\":\"https:\/\/eskasa.de\/\"},{\"@type\":\"ListItem\",\"position\":2,\"name\":\"Impressum\"}]},{\"@type\":\"WebSite\",\"@id\":\"https:\/\/eskasa.de\/#website\",\"url\":\"https:\/\/eskasa.de\/\",\"name\":\"Eskasa\",\"description\":\"dein freundlicher Wolleladen\",\"publisher\":{\"@id\":\"https:\/\/eskasa.de\/#organization\"},\"potentialAction\":[{\"@type\":\"SearchAction\",\"target\":{\"@type\":\"EntryPoint\",\"urlTemplate\":\"https:\/\/eskasa.de\/?s={search_term_string}\"},\"query-input\":{\"@type\":\"PropertyValueSpecification\",\"valueRequired\":true,\"valueName\":\"search_term_string\"}}],\"inLanguage\":\"de\"},{\"@type\":\"Organization\",\"@id\":\"https:\/\/eskasa.de\/#organization\",\"name\":\"Eskasa\",\"url\":\"https:\/\/eskasa.de\/\",\"logo\":{\"@type\":\"ImageObject\",\"inLanguage\":\"de\",\"@id\":\"https:\/\/eskasa.de\/#\/schema\/logo\/image\/\",\"url\":\"https:\/\/eskasa.de\/wp-content\/uploads\/2022\/04\/cropped-Logo_esk.jpg\",\"contentUrl\":\"https:\/\/eskasa.de\/wp-content\/uploads\/2022\/04\/cropped-Logo_esk.jpg\",\"width\":153,\"height\":49,\"caption\":\"Eskasa\"},\"image\":{\"@id\":\"https:\/\/eskasa.de\/#\/schema\/logo\/image\/\"}}]}<\/script>\n<!-- \/ Yoast SEO plugin. -->","yoast_head_json":{"title":"Impressum - Eskasa","description":"Eskasa - dein freundlicher Wolleladen in Heilbronn. Bei uns findest du alles rund um die Themen Wolle, Stricken und H\u00e4keln. Wir freuen uns auf dich!","robots":{"index":"index","follow":"follow","max-snippet":"max-snippet:-1","max-image-preview":"max-image-preview:large","max-video-preview":"max-video-preview:-1"},"canonical":"https:\/\/eskasa.de\/?page_id=68","og_locale":"de_DE","og_type":"article","og_title":"Impressum - Eskasa","og_description":"Eskasa - dein freundlicher Wolleladen in Heilbronn. Bei uns findest du alles rund um die Themen Wolle, Stricken und H\u00e4keln. Wir freuen uns auf dich!","og_url":"https:\/\/eskasa.de\/?page_id=68","og_site_name":"Eskasa","article_modified_time":"2021-09-26T15:37:57+00:00","twitter_card":"summary_large_image","twitter_misc":{"Gesch\u00e4tzte Lesezeit":"2\u00a0Minuten"},"schema":{"@context":"https:\/\/schema.org","@graph":[{"@type":"WebPage","@id":"https:\/\/eskasa.de\/?page_id=68","url":"https:\/\/eskasa.de\/?page_id=68","name":"Impressum - Eskasa","isPartOf":{"@id":"https:\/\/eskasa.de\/#website"},"datePublished":"2018-09-21T13:03:40+00:00","dateModified":"2021-09-26T15:37:57+00:00","description":"Eskasa - dein freundlicher Wolleladen in Heilbronn. Bei uns findest du alles rund um die Themen Wolle, Stricken und H\u00e4keln. Wir freuen uns auf dich!","breadcrumb":{"@id":"https:\/\/eskasa.de\/?page_id=68#breadcrumb"},"inLanguage":"de","potentialAction":[{"@type":"ReadAction","target":["https:\/\/eskasa.de\/?page_id=68"]}]},{"@type":"BreadcrumbList","@id":"https:\/\/eskasa.de\/?page_id=68#breadcrumb","itemListElement":[{"@type":"ListItem","position":1,"name":"Startseite","item":"https:\/\/eskasa.de\/"},{"@type":"ListItem","position":2,"name":"Impressum"}]},{"@type":"WebSite","@id":"https:\/\/eskasa.de\/#website","url":"https:\/\/eskasa.de\/","name":"Eskasa","description":"dein freundlicher Wolleladen","publisher":{"@id":"https:\/\/eskasa.de\/#organization"},"potentialAction":[{"@type":"SearchAction","target":{"@type":"EntryPoint","urlTemplate":"https:\/\/eskasa.de\/?s={search_term_string}"},"query-input":{"@type":"PropertyValueSpecification","valueRequired":true,"valueName":"search_term_string"}}],"inLanguage":"de"},{"@type":"Organization","@id":"https:\/\/eskasa.de\/#organization","name":"Eskasa","url":"https:\/\/eskasa.de\/","logo":{"@type":"ImageObject","inLanguage":"de","@id":"https:\/\/eskasa.de\/#\/schema\/logo\/image\/","url":"https:\/\/eskasa.de\/wp-content\/uploads\/2022\/04\/cropped-Logo_esk.jpg","contentUrl":"https:\/\/eskasa.de\/wp-content\/uploads\/2022\/04\/cropped-Logo_esk.jpg","width":153,"height":49,"caption":"Eskasa"},"image":{"@id":"https:\/\/eskasa.de\/#\/schema\/logo\/image\/"}}]}},"_links":{"self":[{"href":"https:\/\/eskasa.de\/index.php?rest_route=\/wp\/v2\/pages\/68","targetHints":{"allow":["GET"]}}],"collection":[{"href":"https:\/\/eskasa.de\/index.php?rest_route=\/wp\/v2\/pages"}],"about":[{"href":"https:\/\/eskasa.de\/index.php?rest_route=\/wp\/v2\/types\/page"}],"author":[{"embeddable":true,"href":"https:\/\/eskasa.de\/index.php?rest_route=\/wp\/v2\/users\/1"}],"replies":[{"embeddable":true,"href":"https:\/\/eskasa.de\/index.php?rest_route=%2Fwp%2Fv2%2Fcomments&post=68"}],"version-history":[{"count":10,"href":"https:\/\/eskasa.de\/index.php?rest_route=\/wp\/v2\/pages\/68\/revisions"}],"predecessor-version":[{"id":1581,"href":"https:\/\/eskasa.de\/index.php?rest_route=\/wp\/v2\/pages\/68\/revisions\/1581"}],"wp:attachment":[{"href":"https:\/\/eskasa.de\/index.php?rest_route=%2Fwp%2Fv2%2Fmedia&parent=68"}],"curies":[{"name":"wp","href":"https:\/\/api.w.org\/{rel}","templated":true}]}}